{"id":3112,"date":"2021-06-11T11:12:48","date_gmt":"2021-06-11T09:12:48","guid":{"rendered":"https:\/\/oviderm.se\/vard\/?page_id=3112"},"modified":"2023-06-08T09:29:15","modified_gmt":"2023-06-08T07:29:15","slug":"hallbarhetsarbete","status":"publish","type":"page","link":"https:\/\/oviderm.se\/vard\/hallbarhetsarbete\/","title":{"rendered":"H\u00e5llbarhetsarbete"},"content":{"rendered":"\t\t<div data-elementor-type=\"wp-page\" data-elementor-id=\"3112\" class=\"elementor elementor-3112\" data-elementor-post-type=\"page\">\n\t\t\t\t\t\t<section class=\"elementor-section elementor-top-section elementor-element elementor-element-d1ab689 elementor-section-boxed elementor-section-height-default elementor-section-height-default\" data-id=\"d1ab689\" data-element_type=\"section\" data-e-type=\"section\" data-settings=\"{&quot;background_background&quot;:&quot;classic&quot;}\">\n\t\t\t\t\t\t<div class=\"elementor-container elementor-column-gap-default\">\n\t\t\t\t\t<div class=\"elementor-column elementor-col-50 elementor-top-column elementor-element elementor-element-05d9dc6\" data-id=\"05d9dc6\" data-element_type=\"column\" data-e-type=\"column\">\n\t\t\t<div class=\"elementor-widget-wrap elementor-element-populated\">\n\t\t\t\t\t\t<div class=\"elementor-element elementor-element-49824b3 elementor-widget elementor-widget-image\" data-id=\"49824b3\" data-element_type=\"widget\" data-e-type=\"widget\" data-widget_type=\"image.default\">\n\t\t\t\t<div class=\"elementor-widget-container\">\n\t\t\t\t\t\t\t\t\t\t\t\t\t\t\t<img fetchpriority=\"high\" decoding=\"async\" width=\"800\" height=\"800\" src=\"https:\/\/oviderm.se\/vard\/wp-content\/uploads\/2023\/04\/strand-1024x1024.jpg\" class=\"attachment-large size-large wp-image-4887\" alt=\"Fj\u00e4der p\u00e5 strand\" srcset=\"https:\/\/oviderm.se\/vard\/wp-content\/uploads\/2023\/04\/strand-1024x1024.jpg 1024w, https:\/\/oviderm.se\/vard\/wp-content\/uploads\/2023\/04\/strand-300x300.jpg 300w, https:\/\/oviderm.se\/vard\/wp-content\/uploads\/2023\/04\/strand-150x150.jpg 150w, https:\/\/oviderm.se\/vard\/wp-content\/uploads\/2023\/04\/strand-768x768.jpg 768w, https:\/\/oviderm.se\/vard\/wp-content\/uploads\/2023\/04\/strand.jpg 1500w\" sizes=\"(max-width: 800px) 100vw, 800px\" \/>\t\t\t\t\t\t\t\t\t\t\t\t\t\t\t<\/div>\n\t\t\t\t<\/div>\n\t\t\t\t\t<\/div>\n\t\t<\/div>\n\t\t\t\t<div class=\"elementor-column elementor-col-50 elementor-top-column elementor-element elementor-element-9c4eaba\" data-id=\"9c4eaba\" data-element_type=\"column\" data-e-type=\"column\">\n\t\t\t<div class=\"elementor-widget-wrap elementor-element-populated\">\n\t\t\t\t\t\t<div class=\"elementor-element elementor-element-0e52de3 elementor-widget elementor-widget-text-editor\" data-id=\"0e52de3\" data-element_type=\"widget\" data-e-type=\"widget\" data-widget_type=\"text-editor.default\">\n\t\t\t\t<div class=\"elementor-widget-container\">\n\t\t\t\t\t\t\t\t\t<p><strong>V\u00e5rt h\u00e5llbarhetsarbete\u00a0<\/strong><br \/>Idag beh\u00f6ver alla se till milj\u00f6ns b\u00e4sta. Det g\u00e4ller s\u00e5v\u00e4l privatpersoner som f\u00f6retag \u2013 och l\u00e4kemedelsindustrin \u00e4r inget undantag. F\u00f6r oss p\u00e5 Galenica \u00e4r det en sj\u00e4lvklarhet att vara en del av f\u00f6r\u00e4ndringen och arbeta f\u00f6r en h\u00e5llbar framtid. I praktiken inneb\u00e4r det att vi tar ansvar f\u00f6r att v\u00e5ra produkter inte bara g\u00f6r gott f\u00f6r m\u00e4nniskors hud, utan ocks\u00e5 g\u00f6r minsta m\u00f6jliga skada p\u00e5 milj\u00f6n vi lever i.\u00a0<\/p>\t\t\t\t\t\t\t\t<\/div>\n\t\t\t\t<\/div>\n\t\t\t\t\t<\/div>\n\t\t<\/div>\n\t\t\t\t\t<\/div>\n\t\t<\/section>\n\t\t\t\t<section class=\"elementor-section elementor-top-section elementor-element elementor-element-3ec48d6 elementor-section-boxed elementor-section-height-default elementor-section-height-default\" data-id=\"3ec48d6\" data-element_type=\"section\" data-e-type=\"section\" data-settings=\"{&quot;background_background&quot;:&quot;classic&quot;}\">\n\t\t\t\t\t\t<div class=\"elementor-container elementor-column-gap-default\">\n\t\t\t\t\t<div class=\"elementor-column elementor-col-50 elementor-top-column elementor-element elementor-element-bfec985\" data-id=\"bfec985\" data-element_type=\"column\" data-e-type=\"column\">\n\t\t\t<div class=\"elementor-widget-wrap elementor-element-populated\">\n\t\t\t\t\t\t<div class=\"elementor-element elementor-element-2d71595 elementor-widget elementor-widget-image\" data-id=\"2d71595\" data-element_type=\"widget\" data-e-type=\"widget\" data-widget_type=\"image.default\">\n\t\t\t\t<div class=\"elementor-widget-container\">\n\t\t\t\t\t\t\t\t\t\t\t\t\t\t\t<img decoding=\"async\" width=\"433\" height=\"442\" src=\"https:\/\/oviderm.se\/vard\/wp-content\/uploads\/2021\/06\/hallbarhetsarbete_4.jpg\" class=\"attachment-large size-large wp-image-3146\" alt=\"inga milj\u00f6farliga egenskaper (propylenglykol = inga konserveringsmedel)\" srcset=\"https:\/\/oviderm.se\/vard\/wp-content\/uploads\/2021\/06\/hallbarhetsarbete_4.jpg 433w, https:\/\/oviderm.se\/vard\/wp-content\/uploads\/2021\/06\/hallbarhetsarbete_4-294x300.jpg 294w\" sizes=\"(max-width: 433px) 100vw, 433px\" \/>\t\t\t\t\t\t\t\t\t\t\t\t\t\t\t<\/div>\n\t\t\t\t<\/div>\n\t\t\t\t\t<\/div>\n\t\t<\/div>\n\t\t\t\t<div class=\"elementor-column elementor-col-50 elementor-top-column elementor-element elementor-element-3e8bff5\" data-id=\"3e8bff5\" data-element_type=\"column\" data-e-type=\"column\">\n\t\t\t<div class=\"elementor-widget-wrap elementor-element-populated\">\n\t\t\t\t\t\t<div class=\"elementor-element elementor-element-f0e4f8f elementor-widget elementor-widget-text-editor\" data-id=\"f0e4f8f\" data-element_type=\"widget\" data-e-type=\"widget\" data-widget_type=\"text-editor.default\">\n\t\t\t\t<div class=\"elementor-widget-container\">\n\t\t\t\t\t\t\t\t\t<p><strong>Varf\u00f6r beh\u00f6vs inga konserveringsmedel?<\/strong><br \/>Konserveringsmedel anv\u00e4nds f\u00f6r att d\u00f6da bakterier och svamp i produkter och \u00e4r vanligt f\u00f6rekommande i allt fr\u00e5n livsmedel till l\u00e4kemedel och kosmetika. Detta trots att m\u00e5nga konserveringsmedel \u00e4r hudallergena.<\/p><p>Den aktiva substansen i Oviderm heter propylenglykol. Det \u00e4r en substans som b\u00e5de binder fukt i huden och ger kr\u00e4men en konserverande effekt. Tack vare den h\u00f6ga halten propylenglykol beh\u00f6vs inga konserveringsmedel i produktformuleringen.\u00a0<\/p>\t\t\t\t\t\t\t\t<\/div>\n\t\t\t\t<\/div>\n\t\t\t\t\t<\/div>\n\t\t<\/div>\n\t\t\t\t\t<\/div>\n\t\t<\/section>\n\t\t\t\t<section class=\"elementor-section elementor-top-section elementor-element elementor-element-f4f5ce1 elementor-section-stretched elementor-section-boxed elementor-section-height-default elementor-section-height-default\" data-id=\"f4f5ce1\" data-element_type=\"section\" data-e-type=\"section\" data-settings=\"{&quot;background_background&quot;:&quot;classic&quot;,&quot;stretch_section&quot;:&quot;section-stretched&quot;}\">\n\t\t\t\t\t\t<div class=\"elementor-container elementor-column-gap-default\">\n\t\t\t\t\t<div class=\"elementor-column elementor-col-100 elementor-top-column elementor-element elementor-element-caf7683\" data-id=\"caf7683\" data-element_type=\"column\" data-e-type=\"column\">\n\t\t\t<div class=\"elementor-widget-wrap elementor-element-populated\">\n\t\t\t\t\t\t<div class=\"elementor-element elementor-element-760e6e9 elementor-testimonial--layout-image_above elementor-testimonial--skin-default elementor-testimonial--align-center elementor-arrows-yes elementor-widget elementor-widget-testimonial-carousel\" data-id=\"760e6e9\" data-element_type=\"widget\" data-e-type=\"widget\" data-settings=\"{&quot;space_between&quot;:{&quot;unit&quot;:&quot;px&quot;,&quot;size&quot;:0,&quot;sizes&quot;:[]},&quot;autoplay_speed&quot;:8000,&quot;show_arrows&quot;:&quot;yes&quot;,&quot;speed&quot;:500,&quot;autoplay&quot;:&quot;yes&quot;,&quot;loop&quot;:&quot;yes&quot;,&quot;pause_on_hover&quot;:&quot;yes&quot;,&quot;pause_on_interaction&quot;:&quot;yes&quot;,&quot;space_between_tablet&quot;:{&quot;unit&quot;:&quot;px&quot;,&quot;size&quot;:10,&quot;sizes&quot;:[]},&quot;space_between_mobile&quot;:{&quot;unit&quot;:&quot;px&quot;,&quot;size&quot;:10,&quot;sizes&quot;:[]}}\" data-widget_type=\"testimonial-carousel.default\">\n\t\t\t\t<div class=\"elementor-widget-container\">\n\t\t\t\t\t\t\t\t\t<div class=\"elementor-swiper\">\n\t\t\t\t\t<div class=\"elementor-main-swiper swiper\" role=\"region\" aria-roledescription=\"carousel\" aria-label=\"Bildspel\">\n\t\t\t\t<div class=\"swiper-wrapper\">\n\t\t\t\t\t\t\t\t\t\t\t<div class=\"swiper-slide\" role=\"group\" aria-roledescription=\"slide\">\n\t\t\t\t\t\t\t\t\t<div class=\"elementor-testimonial\">\n\t\t\t\t\t\t\t<div class=\"elementor-testimonial__content\">\n\t\t\t\t\t<div class=\"elementor-testimonial__text\">\n\t\t\t\t\t\tVisste du att ..?\u00a0<br><span class=\"rosa\"> 42 % kvinnor lider av torr hud, eksem eller andra hudbesv\u00e4r.<\/span>\n\n\t\t\t\t\t<\/div>\n\t\t\t\t\t<cite class=\"elementor-testimonial__cite\"><span class=\"elementor-testimonial__name\"><p class=\"p2\">Av 505 tillfr\u00e5gade kvinnor. YouGov 2020.<\/p><\/span><\/cite>\t\t\t\t<\/div>\n\t\t\t\t\t\t<div class=\"elementor-testimonial__footer\">\n\t\t\t\t\t\t\t\t\t\t\t<\/div>\n\t\t<\/div>\n\t\t\t\t\t\t\t\t<\/div>\n\t\t\t\t\t\t\t\t\t\t\t<div class=\"swiper-slide\" role=\"group\" aria-roledescription=\"slide\">\n\t\t\t\t\t\t\t\t\t<div class=\"elementor-testimonial\">\n\t\t\t\t\t\t\t<div class=\"elementor-testimonial__content\">\n\t\t\t\t\t<div class=\"elementor-testimonial__text\">\n\t\t\t\t\t\tVisste du att ..?\u00a0<br><span class=\"rosa\"> 45 % tycker det \u00e4r ganska eller v\u00e4ldigt sv\u00e5rt att hitta en hudkr\u00e4m som fungerar f\u00f6r sin hud.<\/span>\n\t\t\t\t\t<\/div>\n\t\t\t\t\t<cite class=\"elementor-testimonial__cite\"><span class=\"elementor-testimonial__name\"><p class=\"p2\">Av 343 tillfr\u00e5gade personer som anv\u00e4nder en mjukg\u00f6rande kr\u00e4m och har problem med torr hud, eksem eller andra hudbesv\u00e4r. YouGov 2020.<\/p><\/span><\/cite>\t\t\t\t<\/div>\n\t\t\t\t\t\t<div class=\"elementor-testimonial__footer\">\n\t\t\t\t\t\t\t\t\t\t\t<\/div>\n\t\t<\/div>\n\t\t\t\t\t\t\t\t<\/div>\n\t\t\t\t\t\t\t\t\t\t\t<div class=\"swiper-slide\" role=\"group\" aria-roledescription=\"slide\">\n\t\t\t\t\t\t\t\t\t<div class=\"elementor-testimonial\">\n\t\t\t\t\t\t\t<div class=\"elementor-testimonial__content\">\n\t\t\t\t\t<div class=\"elementor-testimonial__text\">\n\t\t\t\t\t\tVisste du att ..?\u00a0<br><span class=\"rosa\"> 66 % tycker att det \u00e4r viktigt att deras hudkr\u00e4m kan anv\u00e4ndas av b\u00e5de vuxna och barn.<\/span>\t\t\t\t\t<\/div>\n\t\t\t\t\t<cite class=\"elementor-testimonial__cite\"><span class=\"elementor-testimonial__name\"><p class=\"p2\">Av 343 tillfr\u00e5gade personer som anv\u00e4nder en mjukg\u00f6rande kr\u00e4m och har problem med torr hud, eksem eller andra hudbesv\u00e4r. YouGov 2020.<\/p><\/span><\/cite>\t\t\t\t<\/div>\n\t\t\t\t\t\t<div class=\"elementor-testimonial__footer\">\n\t\t\t\t\t\t\t\t\t\t\t<\/div>\n\t\t<\/div>\n\t\t\t\t\t\t\t\t<\/div>\n\t\t\t\t\t\t\t\t\t<\/div>\n\t\t\t\t\t\t\t\t\t\t\t\t\t\t\t<div class=\"elementor-swiper-button elementor-swiper-button-prev\" role=\"button\" tabindex=\"0\" aria-label=\"F\u00f6reg\u00e5ende\">\n\t\t\t\t\t\t\t<i aria-hidden=\"true\" class=\"eicon-chevron-left\"><\/i>\t\t\t\t\t\t<\/div>\n\t\t\t\t\t\t<div class=\"elementor-swiper-button elementor-swiper-button-next\" role=\"button\" tabindex=\"0\" aria-label=\"N\u00e4sta\">\n\t\t\t\t\t\t\t<i aria-hidden=\"true\" class=\"eicon-chevron-right\"><\/i>\t\t\t\t\t\t<\/div>\n\t\t\t\t\t\t\t\t\t\t\t\t\t\t\t\t\t<\/div>\n\t\t\t\t<\/div>\n\t\t\t\t\t\t\t\t<\/div>\n\t\t\t\t<\/div>\n\t\t\t\t\t<\/div>\n\t\t<\/div>\n\t\t\t\t\t<\/div>\n\t\t<\/section>\n\t\t\t\t<\/div>\n\t\t","protected":false},"excerpt":{"rendered":"<p>V\u00e5rt h\u00e5llbarhetsarbete\u00a0 Idag beh\u00f6ver alla se till milj\u00f6ns b\u00e4sta. Det g\u00e4ller s\u00e5v\u00e4l privatpersoner som f\u00f6retag \u2013 och l\u00e4kemedelsindustrin \u00e4r inget undantag. F\u00f6r oss p\u00e5 Galenica \u00e4r det en sj\u00e4lvklarhet att vara en del av f\u00f6r\u00e4ndringen och arbeta f\u00f6r en h\u00e5llbar framtid. I praktiken inneb\u00e4r det att vi tar ansvar f\u00f6r att v\u00e5ra produkter inte bara [&hellip;]<\/p>\n","protected":false},"author":1,"featured_media":0,"parent":0,"menu_order":0,"comment_status":"closed","ping_status":"closed","template":"","meta":{"footnotes":""},"class_list":["post-3112","page","type-page","status-publish","hentry"],"yoast_head":"<!-- This site is optimized with the Yoast SEO plugin v27.4 - https:\/\/yoast.com\/product\/yoast-seo-wordpress\/ -->\n<title>H\u00e5llbarhetsarbete - Ett rent alternativ vid behandling av torr hud<\/title>\n<meta name=\"description\" content=\"Oviderm tar inte bara hand om din hud, utan v\u00e4rnar ocks\u00e5 om milj\u00f6n. Den \u00e4r helt vegansk och har ett h\u00f6gt inneh\u00e5ll av vegetabiliska r\u00e5varor som vi \u00e4r m\u00e5na om skall vara producerade p\u00e5 ett ansvarsfullt s\u00e4tt.\" \/>\n<meta name=\"robots\" content=\"noindex, follow\" \/>\n<meta property=\"og:locale\" content=\"sv_SE\" \/>\n<meta property=\"og:type\" content=\"article\" \/>\n<meta property=\"og:title\" content=\"H\u00e5llbarhetsarbete - Ett rent alternativ vid behandling av torr hud\" \/>\n<meta property=\"og:description\" content=\"Oviderm tar inte bara hand om din hud, utan v\u00e4rnar ocks\u00e5 om milj\u00f6n. Den \u00e4r helt vegansk och har ett h\u00f6gt inneh\u00e5ll av vegetabiliska r\u00e5varor som vi \u00e4r m\u00e5na om skall vara producerade p\u00e5 ett ansvarsfullt s\u00e4tt.\" \/>\n<meta property=\"og:url\" content=\"https:\/\/oviderm.se\/vard\/hallbarhetsarbete\/\" \/>\n<meta property=\"og:site_name\" content=\"- Ett rent alternativ vid behandling av torr hud\" \/>\n<meta property=\"article:modified_time\" content=\"2023-06-08T07:29:15+00:00\" \/>\n<meta property=\"og:image\" content=\"https:\/\/oviderm.se\/vard\/wp-content\/uploads\/2023\/04\/strand-1024x1024.jpg\" \/>\n<meta name=\"twitter:card\" content=\"summary_large_image\" \/>\n<meta name=\"twitter:label1\" content=\"Ber\u00e4knad l\u00e4stid\" \/>\n\t<meta name=\"twitter:data1\" content=\"2 minuter\" \/>\n<script type=\"application\/ld+json\" class=\"yoast-schema-graph\">{\"@context\":\"https:\\\/\\\/schema.org\",\"@graph\":[{\"@type\":\"WebPage\",\"@id\":\"https:\\\/\\\/oviderm.se\\\/vard\\\/hallbarhetsarbete\\\/\",\"url\":\"https:\\\/\\\/oviderm.se\\\/vard\\\/hallbarhetsarbete\\\/\",\"name\":\"H\u00e5llbarhetsarbete - Ett rent alternativ vid behandling av torr hud\",\"isPartOf\":{\"@id\":\"https:\\\/\\\/oviderm.se\\\/vard\\\/#website\"},\"primaryImageOfPage\":{\"@id\":\"https:\\\/\\\/oviderm.se\\\/vard\\\/hallbarhetsarbete\\\/#primaryimage\"},\"image\":{\"@id\":\"https:\\\/\\\/oviderm.se\\\/vard\\\/hallbarhetsarbete\\\/#primaryimage\"},\"thumbnailUrl\":\"https:\\\/\\\/oviderm.se\\\/vard\\\/wp-content\\\/uploads\\\/2023\\\/04\\\/strand-1024x1024.jpg\",\"datePublished\":\"2021-06-11T09:12:48+00:00\",\"dateModified\":\"2023-06-08T07:29:15+00:00\",\"description\":\"Oviderm tar inte bara hand om din hud, utan v\u00e4rnar ocks\u00e5 om milj\u00f6n. Den \u00e4r helt vegansk och har ett h\u00f6gt inneh\u00e5ll av vegetabiliska r\u00e5varor som vi \u00e4r m\u00e5na om skall vara producerade p\u00e5 ett ansvarsfullt s\u00e4tt.\",\"breadcrumb\":{\"@id\":\"https:\\\/\\\/oviderm.se\\\/vard\\\/hallbarhetsarbete\\\/#breadcrumb\"},\"inLanguage\":\"sv-SE\",\"potentialAction\":[{\"@type\":\"ReadAction\",\"target\":[\"https:\\\/\\\/oviderm.se\\\/vard\\\/hallbarhetsarbete\\\/\"]}]},{\"@type\":\"ImageObject\",\"inLanguage\":\"sv-SE\",\"@id\":\"https:\\\/\\\/oviderm.se\\\/vard\\\/hallbarhetsarbete\\\/#primaryimage\",\"url\":\"https:\\\/\\\/oviderm.se\\\/vard\\\/wp-content\\\/uploads\\\/2023\\\/04\\\/strand.jpg\",\"contentUrl\":\"https:\\\/\\\/oviderm.se\\\/vard\\\/wp-content\\\/uploads\\\/2023\\\/04\\\/strand.jpg\",\"width\":1500,\"height\":1500,\"caption\":\"Fj\u00e4der p\u00e5 strand\"},{\"@type\":\"BreadcrumbList\",\"@id\":\"https:\\\/\\\/oviderm.se\\\/vard\\\/hallbarhetsarbete\\\/#breadcrumb\",\"itemListElement\":[{\"@type\":\"ListItem\",\"position\":1,\"name\":\"Hem\",\"item\":\"https:\\\/\\\/oviderm.se\\\/vard\\\/\"},{\"@type\":\"ListItem\",\"position\":2,\"name\":\"H\u00e5llbarhetsarbete\"}]},{\"@type\":\"WebSite\",\"@id\":\"https:\\\/\\\/oviderm.se\\\/vard\\\/#website\",\"url\":\"https:\\\/\\\/oviderm.se\\\/vard\\\/\",\"name\":\"- Ett rent alternativ vid behandling av torr hud\",\"description\":\"Ett rent alternativ vid behandling av torr hud\",\"publisher\":{\"@id\":\"https:\\\/\\\/oviderm.se\\\/vard\\\/#organization\"},\"potentialAction\":[{\"@type\":\"SearchAction\",\"target\":{\"@type\":\"EntryPoint\",\"urlTemplate\":\"https:\\\/\\\/oviderm.se\\\/vard\\\/?s={search_term_string}\"},\"query-input\":{\"@type\":\"PropertyValueSpecification\",\"valueRequired\":true,\"valueName\":\"search_term_string\"}}],\"inLanguage\":\"sv-SE\"},{\"@type\":\"Organization\",\"@id\":\"https:\\\/\\\/oviderm.se\\\/vard\\\/#organization\",\"name\":\"- Ett rent alternativ vid behandling av torr hud\",\"url\":\"https:\\\/\\\/oviderm.se\\\/vard\\\/\",\"logo\":{\"@type\":\"ImageObject\",\"inLanguage\":\"sv-SE\",\"@id\":\"https:\\\/\\\/oviderm.se\\\/vard\\\/#\\\/schema\\\/logo\\\/image\\\/\",\"url\":\"https:\\\/\\\/oviderm.se\\\/vard\\\/wp-content\\\/uploads\\\/2020\\\/11\\\/oviderm_logo-blue.png\",\"contentUrl\":\"https:\\\/\\\/oviderm.se\\\/vard\\\/wp-content\\\/uploads\\\/2020\\\/11\\\/oviderm_logo-blue.png\",\"width\":553,\"height\":110,\"caption\":\"- Ett rent alternativ vid behandling av torr hud\"},\"image\":{\"@id\":\"https:\\\/\\\/oviderm.se\\\/vard\\\/#\\\/schema\\\/logo\\\/image\\\/\"}}]}<\/script>\n<!-- \/ Yoast SEO plugin. -->","yoast_head_json":{"title":"H\u00e5llbarhetsarbete - Ett rent alternativ vid behandling av torr hud","description":"Oviderm tar inte bara hand om din hud, utan v\u00e4rnar ocks\u00e5 om milj\u00f6n. Den \u00e4r helt vegansk och har ett h\u00f6gt inneh\u00e5ll av vegetabiliska r\u00e5varor som vi \u00e4r m\u00e5na om skall vara producerade p\u00e5 ett ansvarsfullt s\u00e4tt.","robots":{"index":"noindex","follow":"follow"},"og_locale":"sv_SE","og_type":"article","og_title":"H\u00e5llbarhetsarbete - Ett rent alternativ vid behandling av torr hud","og_description":"Oviderm tar inte bara hand om din hud, utan v\u00e4rnar ocks\u00e5 om milj\u00f6n. Den \u00e4r helt vegansk och har ett h\u00f6gt inneh\u00e5ll av vegetabiliska r\u00e5varor som vi \u00e4r m\u00e5na om skall vara producerade p\u00e5 ett ansvarsfullt s\u00e4tt.","og_url":"https:\/\/oviderm.se\/vard\/hallbarhetsarbete\/","og_site_name":"- Ett rent alternativ vid behandling av torr hud","article_modified_time":"2023-06-08T07:29:15+00:00","og_image":[{"url":"https:\/\/oviderm.se\/vard\/wp-content\/uploads\/2023\/04\/strand-1024x1024.jpg","type":"","width":"","height":""}],"twitter_card":"summary_large_image","twitter_misc":{"Ber\u00e4knad l\u00e4stid":"2 minuter"},"schema":{"@context":"https:\/\/schema.org","@graph":[{"@type":"WebPage","@id":"https:\/\/oviderm.se\/vard\/hallbarhetsarbete\/","url":"https:\/\/oviderm.se\/vard\/hallbarhetsarbete\/","name":"H\u00e5llbarhetsarbete - Ett rent alternativ vid behandling av torr hud","isPartOf":{"@id":"https:\/\/oviderm.se\/vard\/#website"},"primaryImageOfPage":{"@id":"https:\/\/oviderm.se\/vard\/hallbarhetsarbete\/#primaryimage"},"image":{"@id":"https:\/\/oviderm.se\/vard\/hallbarhetsarbete\/#primaryimage"},"thumbnailUrl":"https:\/\/oviderm.se\/vard\/wp-content\/uploads\/2023\/04\/strand-1024x1024.jpg","datePublished":"2021-06-11T09:12:48+00:00","dateModified":"2023-06-08T07:29:15+00:00","description":"Oviderm tar inte bara hand om din hud, utan v\u00e4rnar ocks\u00e5 om milj\u00f6n. Den \u00e4r helt vegansk och har ett h\u00f6gt inneh\u00e5ll av vegetabiliska r\u00e5varor som vi \u00e4r m\u00e5na om skall vara producerade p\u00e5 ett ansvarsfullt s\u00e4tt.","breadcrumb":{"@id":"https:\/\/oviderm.se\/vard\/hallbarhetsarbete\/#breadcrumb"},"inLanguage":"sv-SE","potentialAction":[{"@type":"ReadAction","target":["https:\/\/oviderm.se\/vard\/hallbarhetsarbete\/"]}]},{"@type":"ImageObject","inLanguage":"sv-SE","@id":"https:\/\/oviderm.se\/vard\/hallbarhetsarbete\/#primaryimage","url":"https:\/\/oviderm.se\/vard\/wp-content\/uploads\/2023\/04\/strand.jpg","contentUrl":"https:\/\/oviderm.se\/vard\/wp-content\/uploads\/2023\/04\/strand.jpg","width":1500,"height":1500,"caption":"Fj\u00e4der p\u00e5 strand"},{"@type":"BreadcrumbList","@id":"https:\/\/oviderm.se\/vard\/hallbarhetsarbete\/#breadcrumb","itemListElement":[{"@type":"ListItem","position":1,"name":"Hem","item":"https:\/\/oviderm.se\/vard\/"},{"@type":"ListItem","position":2,"name":"H\u00e5llbarhetsarbete"}]},{"@type":"WebSite","@id":"https:\/\/oviderm.se\/vard\/#website","url":"https:\/\/oviderm.se\/vard\/","name":"- Ett rent alternativ vid behandling av torr hud","description":"Ett rent alternativ vid behandling av torr hud","publisher":{"@id":"https:\/\/oviderm.se\/vard\/#organization"},"potentialAction":[{"@type":"SearchAction","target":{"@type":"EntryPoint","urlTemplate":"https:\/\/oviderm.se\/vard\/?s={search_term_string}"},"query-input":{"@type":"PropertyValueSpecification","valueRequired":true,"valueName":"search_term_string"}}],"inLanguage":"sv-SE"},{"@type":"Organization","@id":"https:\/\/oviderm.se\/vard\/#organization","name":"- Ett rent alternativ vid behandling av torr hud","url":"https:\/\/oviderm.se\/vard\/","logo":{"@type":"ImageObject","inLanguage":"sv-SE","@id":"https:\/\/oviderm.se\/vard\/#\/schema\/logo\/image\/","url":"https:\/\/oviderm.se\/vard\/wp-content\/uploads\/2020\/11\/oviderm_logo-blue.png","contentUrl":"https:\/\/oviderm.se\/vard\/wp-content\/uploads\/2020\/11\/oviderm_logo-blue.png","width":553,"height":110,"caption":"- Ett rent alternativ vid behandling av torr hud"},"image":{"@id":"https:\/\/oviderm.se\/vard\/#\/schema\/logo\/image\/"}}]}},"_links":{"self":[{"href":"https:\/\/oviderm.se\/vard\/wp-json\/wp\/v2\/pages\/3112","targetHints":{"allow":["GET"]}}],"collection":[{"href":"https:\/\/oviderm.se\/vard\/wp-json\/wp\/v2\/pages"}],"about":[{"href":"https:\/\/oviderm.se\/vard\/wp-json\/wp\/v2\/types\/page"}],"author":[{"embeddable":true,"href":"https:\/\/oviderm.se\/vard\/wp-json\/wp\/v2\/users\/1"}],"replies":[{"embeddable":true,"href":"https:\/\/oviderm.se\/vard\/wp-json\/wp\/v2\/comments?post=3112"}],"version-history":[{"count":132,"href":"https:\/\/oviderm.se\/vard\/wp-json\/wp\/v2\/pages\/3112\/revisions"}],"predecessor-version":[{"id":4948,"href":"https:\/\/oviderm.se\/vard\/wp-json\/wp\/v2\/pages\/3112\/revisions\/4948"}],"wp:attachment":[{"href":"https:\/\/oviderm.se\/vard\/wp-json\/wp\/v2\/media?parent=3112"}],"curies":[{"name":"wp","href":"https:\/\/api.w.org\/{rel}","templated":true}]}}