{"id":3646,"date":"2022-02-18T09:48:30","date_gmt":"2022-02-18T08:48:30","guid":{"rendered":"https:\/\/oviderm.se\/vard\/?page_id=3646"},"modified":"2025-03-18T13:37:01","modified_gmt":"2025-03-18T12:37:01","slug":"utbildning","status":"publish","type":"page","link":"https:\/\/oviderm.se\/vard\/utbildning\/","title":{"rendered":"Utbildning"},"content":{"rendered":"\t\t<div data-elementor-type=\"wp-page\" data-elementor-id=\"3646\" class=\"elementor elementor-3646\" data-elementor-post-type=\"page\">\n\t\t\t\t\t\t<section class=\"elementor-section elementor-top-section elementor-element elementor-element-607a062 elementor-section-content-middle elementor-section-boxed elementor-section-height-default elementor-section-height-default\" data-id=\"607a062\" data-element_type=\"section\" data-e-type=\"section\" data-settings=\"{&quot;background_background&quot;:&quot;classic&quot;}\">\n\t\t\t\t\t\t\t<div class=\"elementor-background-overlay\"><\/div>\n\t\t\t\t\t\t\t<div class=\"elementor-container elementor-column-gap-default\">\n\t\t\t\t\t<div class=\"elementor-column elementor-col-100 elementor-top-column elementor-element elementor-element-6d44879\" data-id=\"6d44879\" data-element_type=\"column\" data-e-type=\"column\">\n\t\t\t<div class=\"elementor-widget-wrap elementor-element-populated\">\n\t\t\t\t\t\t<section class=\"elementor-section elementor-inner-section elementor-element elementor-element-9ec8f8d elementor-section-boxed elementor-section-height-default elementor-section-height-default\" data-id=\"9ec8f8d\" data-element_type=\"section\" data-e-type=\"section\">\n\t\t\t\t\t\t<div class=\"elementor-container elementor-column-gap-default\">\n\t\t\t\t\t<div class=\"elementor-column elementor-col-100 elementor-inner-column elementor-element elementor-element-9626994\" data-id=\"9626994\" data-element_type=\"column\" data-e-type=\"column\">\n\t\t\t<div class=\"elementor-widget-wrap elementor-element-populated\">\n\t\t\t\t\t\t<div class=\"elementor-element elementor-element-aba1c95 elementor-widget elementor-widget-heading\" data-id=\"aba1c95\" data-element_type=\"widget\" data-e-type=\"widget\" data-widget_type=\"heading.default\">\n\t\t\t\t<div class=\"elementor-widget-container\">\n\t\t\t\t\t<h2 class=\"elementor-heading-title elementor-size-default\">Nyhetsbrev<\/h2>\t\t\t\t<\/div>\n\t\t\t\t<\/div>\n\t\t\t\t<div class=\"elementor-element elementor-element-1cb77c4 elementor-widget elementor-widget-text-editor\" data-id=\"1cb77c4\" data-element_type=\"widget\" data-e-type=\"widget\" data-widget_type=\"text-editor.default\">\n\t\t\t\t<div class=\"elementor-widget-container\">\n\t\t\t\t\t\t\t\t\t<p>Registrera dig h\u00e4r och ta del av nyheter fr\u00e5n Galenica. Med v\u00e5ra utskick f\u00e5r du tillg\u00e5ng till nytt material, den senaste informationen samt kommande aktiviteter och utbildningar.<\/p>\t\t\t\t\t\t\t\t<\/div>\n\t\t\t\t<\/div>\n\t\t\t\t<div class=\"elementor-element elementor-element-ddb35e5 elementor-button-align-start elementor-widget elementor-widget-form\" data-id=\"ddb35e5\" data-element_type=\"widget\" data-e-type=\"widget\" data-settings=\"{&quot;step_next_label&quot;:&quot;N\\u00e4sta&quot;,&quot;step_previous_label&quot;:&quot;F\\u00f6reg\\u00e5ende&quot;,&quot;button_width&quot;:&quot;100&quot;,&quot;step_type&quot;:&quot;number_text&quot;,&quot;step_icon_shape&quot;:&quot;circle&quot;}\" data-widget_type=\"form.default\">\n\t\t\t\t<div class=\"elementor-widget-container\">\n\t\t\t\t\t\t\t<form class=\"elementor-form\" method=\"post\" name=\"Nytt formul\u00e4r\" aria-label=\"Nytt formul\u00e4r\">\n\t\t\t<input type=\"hidden\" name=\"post_id\" value=\"3646\"\/>\n\t\t\t<input type=\"hidden\" name=\"form_id\" value=\"ddb35e5\"\/>\n\t\t\t<input type=\"hidden\" name=\"referer_title\" value=\"Utbildning - Ett rent alternativ vid behandling av torr hud\" \/>\n\n\t\t\t\t\t\t\t<input type=\"hidden\" name=\"queried_id\" value=\"3646\"\/>\n\t\t\t\n\t\t\t<div class=\"elementor-form-fields-wrapper elementor-labels-above\">\n\t\t\t\t\t\t\t\t<div class=\"elementor-field-type-text elementor-field-group elementor-column elementor-field-group-name elementor-col-100 elementor-field-required\">\n\t\t\t\t\t\t\t\t\t\t\t\t<label for=\"form-field-name\" class=\"elementor-field-label\">\n\t\t\t\t\t\t\t\tNamn\t\t\t\t\t\t\t<\/label>\n\t\t\t\t\t\t\t\t\t\t\t\t\t\t<input size=\"1\" type=\"text\" name=\"form_fields[name]\" id=\"form-field-name\" class=\"elementor-field elementor-size-sm  elementor-field-textual\" placeholder=\"Namn\" required=\"required\">\n\t\t\t\t\t\t\t\t\t\t\t<\/div>\n\t\t\t\t\t\t\t\t<div class=\"elementor-field-type-text elementor-field-group elementor-column elementor-field-group-field_9e51323 elementor-col-100 elementor-field-required\">\n\t\t\t\t\t\t\t\t\t\t\t\t<label for=\"form-field-field_9e51323\" class=\"elementor-field-label\">\n\t\t\t\t\t\t\t\tKlinik\t\t\t\t\t\t\t<\/label>\n\t\t\t\t\t\t\t\t\t\t\t\t\t\t<input size=\"1\" type=\"text\" name=\"form_fields[field_9e51323]\" id=\"form-field-field_9e51323\" class=\"elementor-field elementor-size-sm  elementor-field-textual\" placeholder=\"Klinik\" required=\"required\">\n\t\t\t\t\t\t\t\t\t\t\t<\/div>\n\t\t\t\t\t\t\t\t<div class=\"elementor-field-type-text elementor-field-group elementor-column elementor-field-group-field_de3f12c elementor-col-100 elementor-field-required\">\n\t\t\t\t\t\t\t\t\t\t\t\t<label for=\"form-field-field_de3f12c\" class=\"elementor-field-label\">\n\t\t\t\t\t\t\t\tBefattning\t\t\t\t\t\t\t<\/label>\n\t\t\t\t\t\t\t\t\t\t\t\t\t\t<input size=\"1\" type=\"text\" name=\"form_fields[field_de3f12c]\" id=\"form-field-field_de3f12c\" class=\"elementor-field elementor-size-sm  elementor-field-textual\" placeholder=\"Befattning\" required=\"required\">\n\t\t\t\t\t\t\t\t\t\t\t<\/div>\n\t\t\t\t\t\t\t\t<div class=\"elementor-field-type-email elementor-field-group elementor-column elementor-field-group-email elementor-col-100 elementor-field-required\">\n\t\t\t\t\t\t\t\t\t\t\t\t<label for=\"form-field-email\" class=\"elementor-field-label\">\n\t\t\t\t\t\t\t\tE-post\t\t\t\t\t\t\t<\/label>\n\t\t\t\t\t\t\t\t\t\t\t\t\t\t<input size=\"1\" type=\"email\" name=\"form_fields[email]\" id=\"form-field-email\" class=\"elementor-field elementor-size-sm  elementor-field-textual\" placeholder=\"E-post\" required=\"required\">\n\t\t\t\t\t\t\t\t\t\t\t<\/div>\n\t\t\t\t\t\t\t\t<div class=\"elementor-field-type-html elementor-field-group elementor-column elementor-field-group-field_2b685ab elementor-col-100\">\n\t\t\t\t\t<span class=\"smalltext\">I have read and understood Galenica AB\u00b4s Privacy Policy and I consent that Galenica AB process my personal data and to receive communications from Galenica AB on products, services, as well as medical and scientific information. My personal data is protected and processed in accordance with GDPR and Galenicas Privacy Policy. \n\nI can unsubscribe at any time by clicking the unsubscribe link included in future email communications sent to you.<\/span>\t\t\t\t<\/div>\n\t\t\t\t\t\t\t\t<div class=\"elementor-field-group elementor-column elementor-field-type-submit elementor-col-100 e-form__buttons\">\n\t\t\t\t\t<button class=\"elementor-button elementor-size-sm\" type=\"submit\">\n\t\t\t\t\t\t<span class=\"elementor-button-content-wrapper\">\n\t\t\t\t\t\t\t\t\t\t\t\t\t\t\t\t\t\t\t\t\t\t<span class=\"elementor-button-text\">Skicka<\/span>\n\t\t\t\t\t\t\t\t\t\t\t\t\t<\/span>\n\t\t\t\t\t<\/button>\n\t\t\t\t<\/div>\n\t\t\t<\/div>\n\t\t<\/form>\n\t\t\t\t\t\t<\/div>\n\t\t\t\t<\/div>\n\t\t\t\t\t<\/div>\n\t\t<\/div>\n\t\t\t\t\t<\/div>\n\t\t<\/section>\n\t\t\t\t\t<\/div>\n\t\t<\/div>\n\t\t\t\t\t<\/div>\n\t\t<\/section>\n\t\t\t\t<\/div>\n\t\t","protected":false},"excerpt":{"rendered":"<p>Nyhetsbrev Registrera dig h\u00e4r och ta del av nyheter fr\u00e5n Galenica. Med v\u00e5ra utskick f\u00e5r du tillg\u00e5ng till nytt material, den senaste informationen samt kommande aktiviteter och utbildningar.<\/p>\n","protected":false},"author":1,"featured_media":0,"parent":0,"menu_order":0,"comment_status":"closed","ping_status":"closed","template":"","meta":{"footnotes":""},"class_list":["post-3646","page","type-page","status-publish","hentry"],"yoast_head":"<!-- This site is optimized with the Yoast SEO plugin v27.5 - https:\/\/yoast.com\/product\/yoast-seo-wordpress\/ -->\n<title>Utbildning - Ett rent alternativ vid behandling av torr hud<\/title>\n<meta name=\"robots\" content=\"index, follow, max-snippet:-1, max-image-preview:large, max-video-preview:-1\" \/>\n<link rel=\"canonical\" href=\"https:\/\/oviderm.se\/vard\/utbildning\/\" \/>\n<meta property=\"og:locale\" content=\"sv_SE\" \/>\n<meta property=\"og:type\" content=\"article\" \/>\n<meta property=\"og:title\" content=\"Utbildning - Ett rent alternativ vid behandling av torr hud\" \/>\n<meta property=\"og:description\" content=\"Nyhetsbrev Registrera dig h\u00e4r och ta del av nyheter fr\u00e5n Galenica. Med v\u00e5ra utskick f\u00e5r du tillg\u00e5ng till nytt material, den senaste informationen samt kommande aktiviteter och utbildningar.\" \/>\n<meta property=\"og:url\" content=\"https:\/\/oviderm.se\/vard\/utbildning\/\" \/>\n<meta property=\"og:site_name\" content=\"- Ett rent alternativ vid behandling av torr hud\" \/>\n<meta property=\"article:modified_time\" content=\"2025-03-18T12:37:01+00:00\" \/>\n<meta name=\"twitter:card\" content=\"summary_large_image\" \/>\n<meta name=\"twitter:label1\" content=\"Ber\u00e4knad l\u00e4stid\" \/>\n\t<meta name=\"twitter:data1\" content=\"1 minut\" \/>\n<script type=\"application\/ld+json\" class=\"yoast-schema-graph\">{\"@context\":\"https:\\\/\\\/schema.org\",\"@graph\":[{\"@type\":\"WebPage\",\"@id\":\"https:\\\/\\\/oviderm.se\\\/vard\\\/utbildning\\\/\",\"url\":\"https:\\\/\\\/oviderm.se\\\/vard\\\/utbildning\\\/\",\"name\":\"Utbildning - Ett rent alternativ vid behandling av torr hud\",\"isPartOf\":{\"@id\":\"https:\\\/\\\/oviderm.se\\\/vard\\\/#website\"},\"datePublished\":\"2022-02-18T08:48:30+00:00\",\"dateModified\":\"2025-03-18T12:37:01+00:00\",\"breadcrumb\":{\"@id\":\"https:\\\/\\\/oviderm.se\\\/vard\\\/utbildning\\\/#breadcrumb\"},\"inLanguage\":\"sv-SE\",\"potentialAction\":[{\"@type\":\"ReadAction\",\"target\":[\"https:\\\/\\\/oviderm.se\\\/vard\\\/utbildning\\\/\"]}]},{\"@type\":\"BreadcrumbList\",\"@id\":\"https:\\\/\\\/oviderm.se\\\/vard\\\/utbildning\\\/#breadcrumb\",\"itemListElement\":[{\"@type\":\"ListItem\",\"position\":1,\"name\":\"Hem\",\"item\":\"https:\\\/\\\/oviderm.se\\\/vard\\\/\"},{\"@type\":\"ListItem\",\"position\":2,\"name\":\"Utbildning\"}]},{\"@type\":\"WebSite\",\"@id\":\"https:\\\/\\\/oviderm.se\\\/vard\\\/#website\",\"url\":\"https:\\\/\\\/oviderm.se\\\/vard\\\/\",\"name\":\"- Ett rent alternativ vid behandling av torr hud\",\"description\":\"Ett rent alternativ vid behandling av torr hud\",\"publisher\":{\"@id\":\"https:\\\/\\\/oviderm.se\\\/vard\\\/#organization\"},\"potentialAction\":[{\"@type\":\"SearchAction\",\"target\":{\"@type\":\"EntryPoint\",\"urlTemplate\":\"https:\\\/\\\/oviderm.se\\\/vard\\\/?s={search_term_string}\"},\"query-input\":{\"@type\":\"PropertyValueSpecification\",\"valueRequired\":true,\"valueName\":\"search_term_string\"}}],\"inLanguage\":\"sv-SE\"},{\"@type\":\"Organization\",\"@id\":\"https:\\\/\\\/oviderm.se\\\/vard\\\/#organization\",\"name\":\"- Ett rent alternativ vid behandling av torr hud\",\"url\":\"https:\\\/\\\/oviderm.se\\\/vard\\\/\",\"logo\":{\"@type\":\"ImageObject\",\"inLanguage\":\"sv-SE\",\"@id\":\"https:\\\/\\\/oviderm.se\\\/vard\\\/#\\\/schema\\\/logo\\\/image\\\/\",\"url\":\"https:\\\/\\\/oviderm.se\\\/vard\\\/wp-content\\\/uploads\\\/2020\\\/11\\\/oviderm_logo-blue.png\",\"contentUrl\":\"https:\\\/\\\/oviderm.se\\\/vard\\\/wp-content\\\/uploads\\\/2020\\\/11\\\/oviderm_logo-blue.png\",\"width\":553,\"height\":110,\"caption\":\"- Ett rent alternativ vid behandling av torr hud\"},\"image\":{\"@id\":\"https:\\\/\\\/oviderm.se\\\/vard\\\/#\\\/schema\\\/logo\\\/image\\\/\"}}]}<\/script>\n<!-- \/ Yoast SEO plugin. -->","yoast_head_json":{"title":"Utbildning - Ett rent alternativ vid behandling av torr hud","robots":{"index":"index","follow":"follow","max-snippet":"max-snippet:-1","max-image-preview":"max-image-preview:large","max-video-preview":"max-video-preview:-1"},"canonical":"https:\/\/oviderm.se\/vard\/utbildning\/","og_locale":"sv_SE","og_type":"article","og_title":"Utbildning - Ett rent alternativ vid behandling av torr hud","og_description":"Nyhetsbrev Registrera dig h\u00e4r och ta del av nyheter fr\u00e5n Galenica. Med v\u00e5ra utskick f\u00e5r du tillg\u00e5ng till nytt material, den senaste informationen samt kommande aktiviteter och utbildningar.","og_url":"https:\/\/oviderm.se\/vard\/utbildning\/","og_site_name":"- Ett rent alternativ vid behandling av torr hud","article_modified_time":"2025-03-18T12:37:01+00:00","twitter_card":"summary_large_image","twitter_misc":{"Ber\u00e4knad l\u00e4stid":"1 minut"},"schema":{"@context":"https:\/\/schema.org","@graph":[{"@type":"WebPage","@id":"https:\/\/oviderm.se\/vard\/utbildning\/","url":"https:\/\/oviderm.se\/vard\/utbildning\/","name":"Utbildning - Ett rent alternativ vid behandling av torr hud","isPartOf":{"@id":"https:\/\/oviderm.se\/vard\/#website"},"datePublished":"2022-02-18T08:48:30+00:00","dateModified":"2025-03-18T12:37:01+00:00","breadcrumb":{"@id":"https:\/\/oviderm.se\/vard\/utbildning\/#breadcrumb"},"inLanguage":"sv-SE","potentialAction":[{"@type":"ReadAction","target":["https:\/\/oviderm.se\/vard\/utbildning\/"]}]},{"@type":"BreadcrumbList","@id":"https:\/\/oviderm.se\/vard\/utbildning\/#breadcrumb","itemListElement":[{"@type":"ListItem","position":1,"name":"Hem","item":"https:\/\/oviderm.se\/vard\/"},{"@type":"ListItem","position":2,"name":"Utbildning"}]},{"@type":"WebSite","@id":"https:\/\/oviderm.se\/vard\/#website","url":"https:\/\/oviderm.se\/vard\/","name":"- Ett rent alternativ vid behandling av torr hud","description":"Ett rent alternativ vid behandling av torr hud","publisher":{"@id":"https:\/\/oviderm.se\/vard\/#organization"},"potentialAction":[{"@type":"SearchAction","target":{"@type":"EntryPoint","urlTemplate":"https:\/\/oviderm.se\/vard\/?s={search_term_string}"},"query-input":{"@type":"PropertyValueSpecification","valueRequired":true,"valueName":"search_term_string"}}],"inLanguage":"sv-SE"},{"@type":"Organization","@id":"https:\/\/oviderm.se\/vard\/#organization","name":"- Ett rent alternativ vid behandling av torr hud","url":"https:\/\/oviderm.se\/vard\/","logo":{"@type":"ImageObject","inLanguage":"sv-SE","@id":"https:\/\/oviderm.se\/vard\/#\/schema\/logo\/image\/","url":"https:\/\/oviderm.se\/vard\/wp-content\/uploads\/2020\/11\/oviderm_logo-blue.png","contentUrl":"https:\/\/oviderm.se\/vard\/wp-content\/uploads\/2020\/11\/oviderm_logo-blue.png","width":553,"height":110,"caption":"- Ett rent alternativ vid behandling av torr hud"},"image":{"@id":"https:\/\/oviderm.se\/vard\/#\/schema\/logo\/image\/"}}]}},"_links":{"self":[{"href":"https:\/\/oviderm.se\/vard\/wp-json\/wp\/v2\/pages\/3646","targetHints":{"allow":["GET"]}}],"collection":[{"href":"https:\/\/oviderm.se\/vard\/wp-json\/wp\/v2\/pages"}],"about":[{"href":"https:\/\/oviderm.se\/vard\/wp-json\/wp\/v2\/types\/page"}],"author":[{"embeddable":true,"href":"https:\/\/oviderm.se\/vard\/wp-json\/wp\/v2\/users\/1"}],"replies":[{"embeddable":true,"href":"https:\/\/oviderm.se\/vard\/wp-json\/wp\/v2\/comments?post=3646"}],"version-history":[{"count":107,"href":"https:\/\/oviderm.se\/vard\/wp-json\/wp\/v2\/pages\/3646\/revisions"}],"predecessor-version":[{"id":5018,"href":"https:\/\/oviderm.se\/vard\/wp-json\/wp\/v2\/pages\/3646\/revisions\/5018"}],"wp:attachment":[{"href":"https:\/\/oviderm.se\/vard\/wp-json\/wp\/v2\/media?parent=3646"}],"curies":[{"name":"wp","href":"https:\/\/api.w.org\/{rel}","templated":true}]}}