{"id":4237,"date":"2022-04-29T13:26:27","date_gmt":"2022-04-29T11:26:27","guid":{"rendered":"https:\/\/oviderm.se\/vard\/?page_id=4237"},"modified":"2024-05-08T13:34:36","modified_gmt":"2024-05-08T11:34:36","slug":"bestall-lakemedelsprov","status":"publish","type":"page","link":"https:\/\/oviderm.se\/vard\/bestall-lakemedelsprov\/","title":{"rendered":"Best\u00e4ll l\u00e4kemedelsprov"},"content":{"rendered":"\t\t<div data-elementor-type=\"wp-page\" data-elementor-id=\"4237\" class=\"elementor elementor-4237\" data-elementor-post-type=\"page\">\n\t\t\t\t\t\t<section class=\"elementor-section elementor-top-section elementor-element elementor-element-7969ada elementor-section-content-middle elementor-section-boxed elementor-section-height-default elementor-section-height-default\" data-id=\"7969ada\" data-element_type=\"section\" data-e-type=\"section\" data-settings=\"{&quot;background_background&quot;:&quot;classic&quot;}\">\n\t\t\t\t\t\t\t<div class=\"elementor-background-overlay\"><\/div>\n\t\t\t\t\t\t\t<div class=\"elementor-container elementor-column-gap-default\">\n\t\t\t\t\t<div class=\"elementor-column elementor-col-100 elementor-top-column elementor-element elementor-element-3284e6e\" data-id=\"3284e6e\" data-element_type=\"column\" data-e-type=\"column\">\n\t\t\t<div class=\"elementor-widget-wrap elementor-element-populated\">\n\t\t\t\t\t\t<section class=\"elementor-section elementor-inner-section elementor-element elementor-element-1458054 elementor-section-boxed elementor-section-height-default elementor-section-height-default\" data-id=\"1458054\" data-element_type=\"section\" data-e-type=\"section\">\n\t\t\t\t\t\t<div class=\"elementor-container elementor-column-gap-default\">\n\t\t\t\t\t<div class=\"elementor-column elementor-col-50 elementor-inner-column elementor-element elementor-element-625db47\" data-id=\"625db47\" data-element_type=\"column\" data-e-type=\"column\">\n\t\t\t<div class=\"elementor-widget-wrap elementor-element-populated\">\n\t\t\t\t\t\t<div class=\"elementor-element elementor-element-1373fad elementor-widget elementor-widget-heading\" data-id=\"1373fad\" data-element_type=\"widget\" data-e-type=\"widget\" data-widget_type=\"heading.default\">\n\t\t\t\t<div class=\"elementor-widget-container\">\n\t\t\t\t\t<h1 class=\"elementor-heading-title elementor-size-default\">Rekvirera g\u00e4rna ett l\u00e4kemedelsprov f\u00f6r dig med f\u00f6rskrivningsr\u00e4tt<\/h1>\t\t\t\t<\/div>\n\t\t\t\t<\/div>\n\t\t\t\t<div class=\"elementor-element elementor-element-b798427 elementor-widget elementor-widget-text-editor\" data-id=\"b798427\" data-element_type=\"widget\" data-e-type=\"widget\" data-widget_type=\"text-editor.default\">\n\t\t\t\t<div class=\"elementor-widget-container\">\n\t\t\t\t\t\t\t\t\t<p style=\"font-weight: 400;\"><a href=\"\/vard\/wp-content\/uploads\/2022\/04\/Oviderm-Rekvistionsblankett.pdf\" target=\"_blank\" rel=\"noopener\">Klicka h\u00e4r<\/a> f\u00f6r att ladda ner en l\u00e4kemedelsrekvistion.<\/p>\n<p style=\"font-weight: 400;\">Skriv ut och fyll i l\u00e4kemedelsrekvisitionen och posta till adress:<\/p>\n<p style=\"font-weight: 400;\"><strong>Galenica Derma AB<\/strong><br>Per Albin Hanssons v\u00e4g 41<br>205 12 Malm\u00f6<\/p>\t\t\t\t\t\t\t\t<\/div>\n\t\t\t\t<\/div>\n\t\t\t\t\t<\/div>\n\t\t<\/div>\n\t\t\t\t<div class=\"elementor-column elementor-col-50 elementor-inner-column elementor-element elementor-element-6dc9722\" data-id=\"6dc9722\" data-element_type=\"column\" data-e-type=\"column\">\n\t\t\t<div class=\"elementor-widget-wrap elementor-element-populated\">\n\t\t\t\t\t\t<div class=\"elementor-element elementor-element-55eb8a7 elementor-widget elementor-widget-image\" data-id=\"55eb8a7\" data-element_type=\"widget\" data-e-type=\"widget\" data-widget_type=\"image.default\">\n\t\t\t\t<div class=\"elementor-widget-container\">\n\t\t\t\t\t\t\t\t\t\t\t\t\t\t\t\t<a href=\"\/vard\/wp-content\/uploads\/2022\/04\/Oviderm-Rekvistionsblankett.pdf\" target=\"_blank\">\n\t\t\t\t\t\t\t<img fetchpriority=\"high\" decoding=\"async\" width=\"479\" height=\"655\" src=\"https:\/\/oviderm.se\/vard\/wp-content\/uploads\/2022\/04\/Oviderm-Rekvistionsblankett.png\" class=\"attachment-large size-large wp-image-4239\" alt=\"Oviderm Rekvistionsblankett\" srcset=\"https:\/\/oviderm.se\/vard\/wp-content\/uploads\/2022\/04\/Oviderm-Rekvistionsblankett.png 479w, https:\/\/oviderm.se\/vard\/wp-content\/uploads\/2022\/04\/Oviderm-Rekvistionsblankett-219x300.png 219w\" sizes=\"(max-width: 479px) 100vw, 479px\" \/>\t\t\t\t\t\t\t\t<\/a>\n\t\t\t\t\t\t\t\t\t\t\t\t\t\t\t<\/div>\n\t\t\t\t<\/div>\n\t\t\t\t\t<\/div>\n\t\t<\/div>\n\t\t\t\t\t<\/div>\n\t\t<\/section>\n\t\t\t\t\t<\/div>\n\t\t<\/div>\n\t\t\t\t\t<\/div>\n\t\t<\/section>\n\t\t\t\t<\/div>\n\t\t","protected":false},"excerpt":{"rendered":"<p>Rekvirera g\u00e4rna ett l\u00e4kemedelsprov f\u00f6r dig med f\u00f6rskrivningsr\u00e4tt Klicka h\u00e4r f\u00f6r att ladda ner en l\u00e4kemedelsrekvistion. Skriv ut och fyll i l\u00e4kemedelsrekvisitionen och posta till adress: Galenica Derma ABPer Albin Hanssons v\u00e4g 41205 12 Malm\u00f6<\/p>\n","protected":false},"author":1,"featured_media":0,"parent":0,"menu_order":0,"comment_status":"closed","ping_status":"closed","template":"","meta":{"footnotes":""},"class_list":["post-4237","page","type-page","status-publish","hentry"],"yoast_head":"<!-- This site is optimized with the Yoast SEO plugin v27.4 - https:\/\/yoast.com\/product\/yoast-seo-wordpress\/ -->\n<title>Best\u00e4ll l\u00e4kemedelsprov - Ett rent alternativ vid behandling av torr hud<\/title>\n<meta name=\"robots\" content=\"index, follow, max-snippet:-1, max-image-preview:large, max-video-preview:-1\" \/>\n<link rel=\"canonical\" href=\"https:\/\/oviderm.se\/vard\/bestall-lakemedelsprov\/\" \/>\n<meta property=\"og:locale\" content=\"sv_SE\" \/>\n<meta property=\"og:type\" content=\"article\" \/>\n<meta property=\"og:title\" content=\"Best\u00e4ll l\u00e4kemedelsprov - Ett rent alternativ vid behandling av torr hud\" \/>\n<meta property=\"og:description\" content=\"Rekvirera g\u00e4rna ett l\u00e4kemedelsprov f\u00f6r dig med f\u00f6rskrivningsr\u00e4tt Klicka h\u00e4r f\u00f6r att ladda ner en l\u00e4kemedelsrekvistion. Skriv ut och fyll i l\u00e4kemedelsrekvisitionen och posta till adress: Galenica Derma ABPer Albin Hanssons v\u00e4g 41205 12 Malm\u00f6\" \/>\n<meta property=\"og:url\" content=\"https:\/\/oviderm.se\/vard\/bestall-lakemedelsprov\/\" \/>\n<meta property=\"og:site_name\" content=\"- Ett rent alternativ vid behandling av torr hud\" \/>\n<meta property=\"article:modified_time\" content=\"2024-05-08T11:34:36+00:00\" \/>\n<meta property=\"og:image\" content=\"https:\/\/oviderm.se\/vard\/wp-content\/uploads\/2022\/04\/Oviderm-Rekvistionsblankett.png\" \/>\n<meta name=\"twitter:card\" content=\"summary_large_image\" \/>\n<meta name=\"twitter:label1\" content=\"Ber\u00e4knad l\u00e4stid\" \/>\n\t<meta name=\"twitter:data1\" content=\"1 minut\" \/>\n<script type=\"application\/ld+json\" class=\"yoast-schema-graph\">{\"@context\":\"https:\\\/\\\/schema.org\",\"@graph\":[{\"@type\":\"WebPage\",\"@id\":\"https:\\\/\\\/oviderm.se\\\/vard\\\/bestall-lakemedelsprov\\\/\",\"url\":\"https:\\\/\\\/oviderm.se\\\/vard\\\/bestall-lakemedelsprov\\\/\",\"name\":\"Best\u00e4ll l\u00e4kemedelsprov - Ett rent alternativ vid behandling av torr hud\",\"isPartOf\":{\"@id\":\"https:\\\/\\\/oviderm.se\\\/vard\\\/#website\"},\"primaryImageOfPage\":{\"@id\":\"https:\\\/\\\/oviderm.se\\\/vard\\\/bestall-lakemedelsprov\\\/#primaryimage\"},\"image\":{\"@id\":\"https:\\\/\\\/oviderm.se\\\/vard\\\/bestall-lakemedelsprov\\\/#primaryimage\"},\"thumbnailUrl\":\"https:\\\/\\\/oviderm.se\\\/vard\\\/wp-content\\\/uploads\\\/2022\\\/04\\\/Oviderm-Rekvistionsblankett.png\",\"datePublished\":\"2022-04-29T11:26:27+00:00\",\"dateModified\":\"2024-05-08T11:34:36+00:00\",\"breadcrumb\":{\"@id\":\"https:\\\/\\\/oviderm.se\\\/vard\\\/bestall-lakemedelsprov\\\/#breadcrumb\"},\"inLanguage\":\"sv-SE\",\"potentialAction\":[{\"@type\":\"ReadAction\",\"target\":[\"https:\\\/\\\/oviderm.se\\\/vard\\\/bestall-lakemedelsprov\\\/\"]}]},{\"@type\":\"ImageObject\",\"inLanguage\":\"sv-SE\",\"@id\":\"https:\\\/\\\/oviderm.se\\\/vard\\\/bestall-lakemedelsprov\\\/#primaryimage\",\"url\":\"https:\\\/\\\/oviderm.se\\\/vard\\\/wp-content\\\/uploads\\\/2022\\\/04\\\/Oviderm-Rekvistionsblankett.png\",\"contentUrl\":\"https:\\\/\\\/oviderm.se\\\/vard\\\/wp-content\\\/uploads\\\/2022\\\/04\\\/Oviderm-Rekvistionsblankett.png\",\"width\":479,\"height\":655,\"caption\":\"Oviderm Rekvistionsblankett\"},{\"@type\":\"BreadcrumbList\",\"@id\":\"https:\\\/\\\/oviderm.se\\\/vard\\\/bestall-lakemedelsprov\\\/#breadcrumb\",\"itemListElement\":[{\"@type\":\"ListItem\",\"position\":1,\"name\":\"Hem\",\"item\":\"https:\\\/\\\/oviderm.se\\\/vard\\\/\"},{\"@type\":\"ListItem\",\"position\":2,\"name\":\"Best\u00e4ll l\u00e4kemedelsprov\"}]},{\"@type\":\"WebSite\",\"@id\":\"https:\\\/\\\/oviderm.se\\\/vard\\\/#website\",\"url\":\"https:\\\/\\\/oviderm.se\\\/vard\\\/\",\"name\":\"- Ett rent alternativ vid behandling av torr hud\",\"description\":\"Ett rent alternativ vid behandling av torr hud\",\"publisher\":{\"@id\":\"https:\\\/\\\/oviderm.se\\\/vard\\\/#organization\"},\"potentialAction\":[{\"@type\":\"SearchAction\",\"target\":{\"@type\":\"EntryPoint\",\"urlTemplate\":\"https:\\\/\\\/oviderm.se\\\/vard\\\/?s={search_term_string}\"},\"query-input\":{\"@type\":\"PropertyValueSpecification\",\"valueRequired\":true,\"valueName\":\"search_term_string\"}}],\"inLanguage\":\"sv-SE\"},{\"@type\":\"Organization\",\"@id\":\"https:\\\/\\\/oviderm.se\\\/vard\\\/#organization\",\"name\":\"- Ett rent alternativ vid behandling av torr hud\",\"url\":\"https:\\\/\\\/oviderm.se\\\/vard\\\/\",\"logo\":{\"@type\":\"ImageObject\",\"inLanguage\":\"sv-SE\",\"@id\":\"https:\\\/\\\/oviderm.se\\\/vard\\\/#\\\/schema\\\/logo\\\/image\\\/\",\"url\":\"https:\\\/\\\/oviderm.se\\\/vard\\\/wp-content\\\/uploads\\\/2020\\\/11\\\/oviderm_logo-blue.png\",\"contentUrl\":\"https:\\\/\\\/oviderm.se\\\/vard\\\/wp-content\\\/uploads\\\/2020\\\/11\\\/oviderm_logo-blue.png\",\"width\":553,\"height\":110,\"caption\":\"- Ett rent alternativ vid behandling av torr hud\"},\"image\":{\"@id\":\"https:\\\/\\\/oviderm.se\\\/vard\\\/#\\\/schema\\\/logo\\\/image\\\/\"}}]}<\/script>\n<!-- \/ Yoast SEO plugin. -->","yoast_head_json":{"title":"Best\u00e4ll l\u00e4kemedelsprov - Ett rent alternativ vid behandling av torr hud","robots":{"index":"index","follow":"follow","max-snippet":"max-snippet:-1","max-image-preview":"max-image-preview:large","max-video-preview":"max-video-preview:-1"},"canonical":"https:\/\/oviderm.se\/vard\/bestall-lakemedelsprov\/","og_locale":"sv_SE","og_type":"article","og_title":"Best\u00e4ll l\u00e4kemedelsprov - Ett rent alternativ vid behandling av torr hud","og_description":"Rekvirera g\u00e4rna ett l\u00e4kemedelsprov f\u00f6r dig med f\u00f6rskrivningsr\u00e4tt Klicka h\u00e4r f\u00f6r att ladda ner en l\u00e4kemedelsrekvistion. Skriv ut och fyll i l\u00e4kemedelsrekvisitionen och posta till adress: Galenica Derma ABPer Albin Hanssons v\u00e4g 41205 12 Malm\u00f6","og_url":"https:\/\/oviderm.se\/vard\/bestall-lakemedelsprov\/","og_site_name":"- Ett rent alternativ vid behandling av torr hud","article_modified_time":"2024-05-08T11:34:36+00:00","og_image":[{"url":"https:\/\/oviderm.se\/vard\/wp-content\/uploads\/2022\/04\/Oviderm-Rekvistionsblankett.png","type":"","width":"","height":""}],"twitter_card":"summary_large_image","twitter_misc":{"Ber\u00e4knad l\u00e4stid":"1 minut"},"schema":{"@context":"https:\/\/schema.org","@graph":[{"@type":"WebPage","@id":"https:\/\/oviderm.se\/vard\/bestall-lakemedelsprov\/","url":"https:\/\/oviderm.se\/vard\/bestall-lakemedelsprov\/","name":"Best\u00e4ll l\u00e4kemedelsprov - Ett rent alternativ vid behandling av torr hud","isPartOf":{"@id":"https:\/\/oviderm.se\/vard\/#website"},"primaryImageOfPage":{"@id":"https:\/\/oviderm.se\/vard\/bestall-lakemedelsprov\/#primaryimage"},"image":{"@id":"https:\/\/oviderm.se\/vard\/bestall-lakemedelsprov\/#primaryimage"},"thumbnailUrl":"https:\/\/oviderm.se\/vard\/wp-content\/uploads\/2022\/04\/Oviderm-Rekvistionsblankett.png","datePublished":"2022-04-29T11:26:27+00:00","dateModified":"2024-05-08T11:34:36+00:00","breadcrumb":{"@id":"https:\/\/oviderm.se\/vard\/bestall-lakemedelsprov\/#breadcrumb"},"inLanguage":"sv-SE","potentialAction":[{"@type":"ReadAction","target":["https:\/\/oviderm.se\/vard\/bestall-lakemedelsprov\/"]}]},{"@type":"ImageObject","inLanguage":"sv-SE","@id":"https:\/\/oviderm.se\/vard\/bestall-lakemedelsprov\/#primaryimage","url":"https:\/\/oviderm.se\/vard\/wp-content\/uploads\/2022\/04\/Oviderm-Rekvistionsblankett.png","contentUrl":"https:\/\/oviderm.se\/vard\/wp-content\/uploads\/2022\/04\/Oviderm-Rekvistionsblankett.png","width":479,"height":655,"caption":"Oviderm Rekvistionsblankett"},{"@type":"BreadcrumbList","@id":"https:\/\/oviderm.se\/vard\/bestall-lakemedelsprov\/#breadcrumb","itemListElement":[{"@type":"ListItem","position":1,"name":"Hem","item":"https:\/\/oviderm.se\/vard\/"},{"@type":"ListItem","position":2,"name":"Best\u00e4ll l\u00e4kemedelsprov"}]},{"@type":"WebSite","@id":"https:\/\/oviderm.se\/vard\/#website","url":"https:\/\/oviderm.se\/vard\/","name":"- Ett rent alternativ vid behandling av torr hud","description":"Ett rent alternativ vid behandling av torr hud","publisher":{"@id":"https:\/\/oviderm.se\/vard\/#organization"},"potentialAction":[{"@type":"SearchAction","target":{"@type":"EntryPoint","urlTemplate":"https:\/\/oviderm.se\/vard\/?s={search_term_string}"},"query-input":{"@type":"PropertyValueSpecification","valueRequired":true,"valueName":"search_term_string"}}],"inLanguage":"sv-SE"},{"@type":"Organization","@id":"https:\/\/oviderm.se\/vard\/#organization","name":"- Ett rent alternativ vid behandling av torr hud","url":"https:\/\/oviderm.se\/vard\/","logo":{"@type":"ImageObject","inLanguage":"sv-SE","@id":"https:\/\/oviderm.se\/vard\/#\/schema\/logo\/image\/","url":"https:\/\/oviderm.se\/vard\/wp-content\/uploads\/2020\/11\/oviderm_logo-blue.png","contentUrl":"https:\/\/oviderm.se\/vard\/wp-content\/uploads\/2020\/11\/oviderm_logo-blue.png","width":553,"height":110,"caption":"- Ett rent alternativ vid behandling av torr hud"},"image":{"@id":"https:\/\/oviderm.se\/vard\/#\/schema\/logo\/image\/"}}]}},"_links":{"self":[{"href":"https:\/\/oviderm.se\/vard\/wp-json\/wp\/v2\/pages\/4237","targetHints":{"allow":["GET"]}}],"collection":[{"href":"https:\/\/oviderm.se\/vard\/wp-json\/wp\/v2\/pages"}],"about":[{"href":"https:\/\/oviderm.se\/vard\/wp-json\/wp\/v2\/types\/page"}],"author":[{"embeddable":true,"href":"https:\/\/oviderm.se\/vard\/wp-json\/wp\/v2\/users\/1"}],"replies":[{"embeddable":true,"href":"https:\/\/oviderm.se\/vard\/wp-json\/wp\/v2\/comments?post=4237"}],"version-history":[{"count":23,"href":"https:\/\/oviderm.se\/vard\/wp-json\/wp\/v2\/pages\/4237\/revisions"}],"predecessor-version":[{"id":5001,"href":"https:\/\/oviderm.se\/vard\/wp-json\/wp\/v2\/pages\/4237\/revisions\/5001"}],"wp:attachment":[{"href":"https:\/\/oviderm.se\/vard\/wp-json\/wp\/v2\/media?parent=4237"}],"curies":[{"name":"wp","href":"https:\/\/api.w.org\/{rel}","templated":true}]}}