{"id":4873,"date":"2023-04-27T08:01:29","date_gmt":"2023-04-27T06:01:29","guid":{"rendered":"https:\/\/oviderm.se\/vard\/?page_id=4873"},"modified":"2023-05-11T13:17:15","modified_gmt":"2023-05-11T11:17:15","slug":"miljo-hallbarhet-2023","status":"publish","type":"page","link":"https:\/\/oviderm.se\/vard\/miljo-hallbarhet-2023\/","title":{"rendered":"Milj\u00f6 &#038; H\u00e5llbarhet 2023"},"content":{"rendered":"","protected":true},"excerpt":{"rendered":"","protected":true},"author":1,"featured_media":0,"parent":0,"menu_order":0,"comment_status":"closed","ping_status":"closed","template":"","meta":{"footnotes":""},"class_list":["post-4873","page","type-page","status-publish","post-password-required","hentry"],"yoast_head":"<!-- This site is optimized with the Yoast SEO plugin v27.5 - https:\/\/yoast.com\/product\/yoast-seo-wordpress\/ -->\n<title>Milj\u00f6 &amp; H\u00e5llbarhet 2023 - Ett rent alternativ vid behandling av torr hud<\/title>\n<meta name=\"description\" content=\"Oviderm tar inte bara hand om din hud, utan v\u00e4rnar ocks\u00e5 om milj\u00f6n. Den \u00e4r helt vegansk och har ett h\u00f6gt inneh\u00e5ll av vegetabiliska r\u00e5varor som vi \u00e4r m\u00e5na om skall vara producerade p\u00e5 ett ansvarsfullt s\u00e4tt.\" \/>\n<meta name=\"robots\" content=\"noindex, follow\" \/>\n<meta property=\"og:locale\" content=\"sv_SE\" \/>\n<meta property=\"og:type\" content=\"article\" \/>\n<meta property=\"og:title\" content=\"Milj\u00f6 &amp; H\u00e5llbarhet 2023 - Ett rent alternativ vid behandling av torr hud\" \/>\n<meta property=\"og:description\" content=\"Oviderm tar inte bara hand om din hud, utan v\u00e4rnar ocks\u00e5 om milj\u00f6n. Den \u00e4r helt vegansk och har ett h\u00f6gt inneh\u00e5ll av vegetabiliska r\u00e5varor som vi \u00e4r m\u00e5na om skall vara producerade p\u00e5 ett ansvarsfullt s\u00e4tt.\" \/>\n<meta property=\"og:url\" content=\"https:\/\/oviderm.se\/vard\/miljo-hallbarhet-2023\/\" \/>\n<meta property=\"og:site_name\" content=\"- Ett rent alternativ vid behandling av torr hud\" \/>\n<meta property=\"article:modified_time\" content=\"2023-05-11T11:17:15+00:00\" \/>\n<meta name=\"twitter:card\" content=\"summary_large_image\" \/>\n<meta name=\"twitter:label1\" content=\"Ber\u00e4knad l\u00e4stid\" \/>\n\t<meta name=\"twitter:data1\" content=\"3 minuter\" \/>\n<script type=\"application\/ld+json\" class=\"yoast-schema-graph\">{\"@context\":\"https:\\\/\\\/schema.org\",\"@graph\":[{\"@type\":\"WebPage\",\"@id\":\"https:\\\/\\\/oviderm.se\\\/vard\\\/miljo-hallbarhet-2023\\\/\",\"url\":\"https:\\\/\\\/oviderm.se\\\/vard\\\/miljo-hallbarhet-2023\\\/\",\"name\":\"Milj\u00f6 & H\u00e5llbarhet 2023 - Ett rent alternativ vid behandling av torr hud\",\"isPartOf\":{\"@id\":\"https:\\\/\\\/oviderm.se\\\/vard\\\/#website\"},\"datePublished\":\"2023-04-27T06:01:29+00:00\",\"dateModified\":\"2023-05-11T11:17:15+00:00\",\"breadcrumb\":{\"@id\":\"https:\\\/\\\/oviderm.se\\\/vard\\\/miljo-hallbarhet-2023\\\/#breadcrumb\"},\"inLanguage\":\"sv-SE\"},{\"@type\":\"WebSite\",\"@id\":\"https:\\\/\\\/oviderm.se\\\/vard\\\/#website\",\"url\":\"https:\\\/\\\/oviderm.se\\\/vard\\\/\",\"name\":\"- Ett rent alternativ vid behandling av torr hud\",\"description\":\"Ett rent alternativ vid behandling av torr hud\",\"publisher\":{\"@id\":\"https:\\\/\\\/oviderm.se\\\/vard\\\/#organization\"},\"potentialAction\":[{\"@type\":\"SearchAction\",\"target\":{\"@type\":\"EntryPoint\",\"urlTemplate\":\"https:\\\/\\\/oviderm.se\\\/vard\\\/?s={search_term_string}\"},\"query-input\":{\"@type\":\"PropertyValueSpecification\",\"valueRequired\":true,\"valueName\":\"search_term_string\"}}],\"inLanguage\":\"sv-SE\"},{\"@type\":\"Organization\",\"@id\":\"https:\\\/\\\/oviderm.se\\\/vard\\\/#organization\",\"name\":\"- Ett rent alternativ vid behandling av torr hud\",\"url\":\"https:\\\/\\\/oviderm.se\\\/vard\\\/\",\"logo\":{\"@type\":\"ImageObject\",\"inLanguage\":\"sv-SE\",\"@id\":\"https:\\\/\\\/oviderm.se\\\/vard\\\/#\\\/schema\\\/logo\\\/image\\\/\",\"url\":\"https:\\\/\\\/oviderm.se\\\/vard\\\/wp-content\\\/uploads\\\/2020\\\/11\\\/oviderm_logo-blue.png\",\"contentUrl\":\"https:\\\/\\\/oviderm.se\\\/vard\\\/wp-content\\\/uploads\\\/2020\\\/11\\\/oviderm_logo-blue.png\",\"width\":553,\"height\":110,\"caption\":\"- Ett rent alternativ vid behandling av torr hud\"},\"image\":{\"@id\":\"https:\\\/\\\/oviderm.se\\\/vard\\\/#\\\/schema\\\/logo\\\/image\\\/\"}}]}<\/script>\n<!-- \/ Yoast SEO plugin. -->","yoast_head_json":{"title":"Milj\u00f6 & H\u00e5llbarhet 2023 - Ett rent alternativ vid behandling av torr hud","description":"Oviderm tar inte bara hand om din hud, utan v\u00e4rnar ocks\u00e5 om milj\u00f6n. Den \u00e4r helt vegansk och har ett h\u00f6gt inneh\u00e5ll av vegetabiliska r\u00e5varor som vi \u00e4r m\u00e5na om skall vara producerade p\u00e5 ett ansvarsfullt s\u00e4tt.","robots":{"index":"noindex","follow":"follow"},"og_locale":"sv_SE","og_type":"article","og_title":"Milj\u00f6 & H\u00e5llbarhet 2023 - Ett rent alternativ vid behandling av torr hud","og_description":"Oviderm tar inte bara hand om din hud, utan v\u00e4rnar ocks\u00e5 om milj\u00f6n. Den \u00e4r helt vegansk och har ett h\u00f6gt inneh\u00e5ll av vegetabiliska r\u00e5varor som vi \u00e4r m\u00e5na om skall vara producerade p\u00e5 ett ansvarsfullt s\u00e4tt.","og_url":"https:\/\/oviderm.se\/vard\/miljo-hallbarhet-2023\/","og_site_name":"- Ett rent alternativ vid behandling av torr hud","article_modified_time":"2023-05-11T11:17:15+00:00","twitter_card":"summary_large_image","twitter_misc":{"Ber\u00e4knad l\u00e4stid":"3 minuter"},"schema":{"@context":"https:\/\/schema.org","@graph":[{"@type":"WebPage","@id":"https:\/\/oviderm.se\/vard\/miljo-hallbarhet-2023\/","url":"https:\/\/oviderm.se\/vard\/miljo-hallbarhet-2023\/","name":"Milj\u00f6 & H\u00e5llbarhet 2023 - Ett rent alternativ vid behandling av torr hud","isPartOf":{"@id":"https:\/\/oviderm.se\/vard\/#website"},"datePublished":"2023-04-27T06:01:29+00:00","dateModified":"2023-05-11T11:17:15+00:00","breadcrumb":{"@id":"https:\/\/oviderm.se\/vard\/miljo-hallbarhet-2023\/#breadcrumb"},"inLanguage":"sv-SE"},{"@type":"WebSite","@id":"https:\/\/oviderm.se\/vard\/#website","url":"https:\/\/oviderm.se\/vard\/","name":"- Ett rent alternativ vid behandling av torr hud","description":"Ett rent alternativ vid behandling av torr hud","publisher":{"@id":"https:\/\/oviderm.se\/vard\/#organization"},"potentialAction":[{"@type":"SearchAction","target":{"@type":"EntryPoint","urlTemplate":"https:\/\/oviderm.se\/vard\/?s={search_term_string}"},"query-input":{"@type":"PropertyValueSpecification","valueRequired":true,"valueName":"search_term_string"}}],"inLanguage":"sv-SE"},{"@type":"Organization","@id":"https:\/\/oviderm.se\/vard\/#organization","name":"- Ett rent alternativ vid behandling av torr hud","url":"https:\/\/oviderm.se\/vard\/","logo":{"@type":"ImageObject","inLanguage":"sv-SE","@id":"https:\/\/oviderm.se\/vard\/#\/schema\/logo\/image\/","url":"https:\/\/oviderm.se\/vard\/wp-content\/uploads\/2020\/11\/oviderm_logo-blue.png","contentUrl":"https:\/\/oviderm.se\/vard\/wp-content\/uploads\/2020\/11\/oviderm_logo-blue.png","width":553,"height":110,"caption":"- Ett rent alternativ vid behandling av torr hud"},"image":{"@id":"https:\/\/oviderm.se\/vard\/#\/schema\/logo\/image\/"}}]}},"_links":{"self":[{"href":"https:\/\/oviderm.se\/vard\/wp-json\/wp\/v2\/pages\/4873","targetHints":{"allow":["GET"]}}],"collection":[{"href":"https:\/\/oviderm.se\/vard\/wp-json\/wp\/v2\/pages"}],"about":[{"href":"https:\/\/oviderm.se\/vard\/wp-json\/wp\/v2\/types\/page"}],"author":[{"embeddable":true,"href":"https:\/\/oviderm.se\/vard\/wp-json\/wp\/v2\/users\/1"}],"replies":[{"embeddable":true,"href":"https:\/\/oviderm.se\/vard\/wp-json\/wp\/v2\/comments?post=4873"}],"version-history":[{"count":14,"href":"https:\/\/oviderm.se\/vard\/wp-json\/wp\/v2\/pages\/4873\/revisions"}],"predecessor-version":[{"id":4940,"href":"https:\/\/oviderm.se\/vard\/wp-json\/wp\/v2\/pages\/4873\/revisions\/4940"}],"wp:attachment":[{"href":"https:\/\/oviderm.se\/vard\/wp-json\/wp\/v2\/media?parent=4873"}],"curies":[{"name":"wp","href":"https:\/\/api.w.org\/{rel}","templated":true}]}}